{"id":2,"date":"2013-07-05T20:15:54","date_gmt":"2013-07-05T18:15:54","guid":{"rendered":"http:\/\/liebke-foto.de\/maerkischeslicht\/?page_id=2"},"modified":"2026-01-07T18:20:45","modified_gmt":"2026-01-07T16:20:45","slug":"fotograf-frank-liebke","status":"publish","type":"page","link":"https:\/\/liebke-foto.de\/maerkischeslicht\/fotograf-frank-liebke\/","title":{"rendered":"Fotograf Frank Liebke"},"content":{"rendered":"\n<h2 class=\"wp-block-heading has-text-align-center\">&#8222;Der Fotograf der Stille&#8220;<\/h2>\n\n\n\n<p class=\"has-text-align-center\"><\/p>\n\n\n\n<p><\/p>\n\n\n\n<p><\/p>\n\n\n\n<p><\/p>\n\n\n\n<p><\/p>\n\n\n<div class=\"wp-block-image is-style-default\">\n<figure class=\"aligncenter size-large\"><a href=\"https:\/\/liebke-foto.de\/maerkischeslicht\/wp-content\/uploads\/2024\/08\/IMG-20220712-WA0001.jpg\"><img loading=\"lazy\" decoding=\"async\" width=\"1189\" height=\"800\" src=\"https:\/\/liebke-foto.de\/maerkischeslicht\/wp-content\/uploads\/2024\/08\/IMG-20220712-WA0001-1189x800.jpg\" alt=\"\" class=\"wp-image-8820\" srcset=\"https:\/\/liebke-foto.de\/maerkischeslicht\/wp-content\/uploads\/2024\/08\/IMG-20220712-WA0001-1189x800.jpg 1189w, https:\/\/liebke-foto.de\/maerkischeslicht\/wp-content\/uploads\/2024\/08\/IMG-20220712-WA0001-768x517.jpg 768w, https:\/\/liebke-foto.de\/maerkischeslicht\/wp-content\/uploads\/2024\/08\/IMG-20220712-WA0001-1536x1033.jpg 1536w, https:\/\/liebke-foto.de\/maerkischeslicht\/wp-content\/uploads\/2024\/08\/IMG-20220712-WA0001.jpg 1674w\" sizes=\"auto, (max-width: 1189px) 100vw, 1189px\" \/><\/a><figcaption class=\"wp-element-caption\">Frank Liebke zum Sonnenaufgang am Niederneuendorfer See in Hennigsdorf &#8211;  Foto: Patricia Koelle<\/figcaption><\/figure>\n<\/div>\n\n\n<p><\/p>\n\n\n\n<p class=\"has-text-align-center\"><span style=\"color: #ff6600;\"><b>Ich glaube,&nbsp;<\/b>dass \u201ejedem Anfang ein Zauber innewohnt, der uns sch\u00fctzt und der uns hilft zu leben\u2026\u201c <\/span><\/p>\n\n\n\n<p class=\"has-text-align-center\"><span style=\"color: #ff6600;\">(H. Hesse)<\/span><\/p>\n\n\n\n<h2 class=\"wp-block-heading has-text-align-center\">Die Anf\u00e4nge<\/h2>\n\n\n\n<p>Im Alter von 12 Jahren begann ich mich f\u00fcr die Fotografie zu interessieren, mit 14 wurde der Wunsch nach einer eigenen Kamera \u00fcberm\u00e4chtig. Denn mit dem Malen von Bildern konnte ich nie meine Gef\u00fchle f\u00fcr Licht, Natur und Landschaften aufs Papier bringen. Mit der Fotografie, das sp\u00fcrte ich instinktiv, w\u00fcrde ich dem aber entscheidend n\u00e4her kommen. Meine erste Kamera sparte und erarbeitete ich mir mit Jobs in den Ferien. Die praktische Seite der Fotografie, das Enwickeln und Vergr\u00f6\u00dfern meiner Bilder, auch in Farbe, brachte ich mir selbst bei. Aber der Berufswunsch \u201eFotograf\u201c war nicht erreichbar und so wurde ich erst einmal Fahrzeugschlosser.<\/p>\n\n\n\n<p>Als ich w\u00e4rend meiner Armeedienstzeit in Lehnitz&nbsp;einen Artikel in der Lokalredaktion der damaligen \u201eM\u00e4rkischen Volksstimme\u201c in Oranienburg abgeben musste fragte ich auch dort so beil\u00e4ufig: \u201eEinen Fotografen brauchen Sie nicht zuf\u00e4llig?\u201c Nachdem ich seit Jahren in \u00e4hnlichen Situationen gen\u00fcgend Absagen sammeln konnte, war der Satz \u201eJa, wir brauchen einen Fotografen f\u00fcr die Lokalredationen Gransee und Oranienburg!\u201c eine neue Zukunftsaussicht. <\/p>\n\n\n\n<h2 class=\"wp-block-heading has-text-align-center\">Endlich professioneller Fotograf<\/h2>\n\n\n\n<p>Um es kurz zu machen: Ich hatte noch ein halbes Jahr \u201eDienst\u201c zu leisten, dann war ich frei. Am 3.Mai 1983 meldete ich mich mit Sack und Pack in der Fotoredaktion der Zeitung in Potsdam. Ich bekam eine Ausr\u00fcstung gestellt (hatte nun zu meiner Praktica zwei weitere und ein paar Objektive mehr) und den Schl\u00fcssel zu meiner Unterkunft in der Feuerbachstra\u00dfe. Dann sollte ich einfach mal in Potsdam fotografieren was mir so vor die Linse kommt und am n\u00e4chsten Morgen p\u00fcnktlich wieder da sein. Was ich von meinem Bummel mitbrachte, gefiel dem Bildredakteur.<\/p>\n\n\n\n<p><br \/>Ich hatte ein halbes Jahr in der Haupredaktion zu arbeiten, war viel mit dem Chefbildreporter unterwegs und habe so meine ersten Sporen verdient. Denn sch\u00f6ne Bilder machen war nur die eine Seite im Journalismus, zu einer guten Bildgeschichte geh\u00f6rt auch ein gut gemachter, die Bilder erg\u00e4nzender Text. Nach dem halben Jahr war man der Meinung, dass ich bereit w\u00e4re f\u00fcr die Lokalredaktionen. War meistens eine sch\u00f6ne Zeit.<\/p>\n\n\n\n<p>Nach der Wende in der DDR geh\u00f6rte ich zu einer Handvoll Leute, die unter recht primitiven Umst\u00e4nden eine neue Zeitung ins Leben riefen, den \u201eOranienburger Generalanzeiger\u201c . Aber Anfang 1998 war es dann soweit dass ich nochmal was anderes probieren wollte, ich machte mich selbstst\u00e4ndig, und das war meine zweitbeste Entscheidung in meinem Leben.<\/p>\n\n\n\n<h2 class=\"wp-block-heading has-text-align-center\">Heute<\/h2>\n\n\n\n<p>Ich liebe es einfach bestimmte Momente f\u00fcr immer festzuhalten. Ich liebe die Natur, unsere sch\u00f6nen Landschaften und f\u00fchle mich damit und vor allem darin richtig wohl!<\/p>\n\n\n\n<p><br \/>Am liebsten bin ich in der Mark Brandenburg mit seinen sch\u00f6nen W\u00e4ldern, tausend Seen, sch\u00f6nen St\u00e4dten, Gemeinden und D\u00f6rfern unterwegs, fotografiere dieses sch\u00f6ne Land um es anderen zu zeigen und bekannter zu machen. Aber vor allem durch das Zeigen von Sch\u00f6nheit der Natur Menschen f\u00fcr deren Erhalt zu sensibilisieren. F\u00fcr mich das wichtigste Thema in der Fotografie.<br \/>So entstand die Marke \u201eM\u00e4rkisches Licht\u201c.<\/p>\n\n\n\n<p class=\"has-text-align-center\">F\u00fcr die Technikinteressierten, mein Equipment<\/p>\n\n\n\n<ul class=\"wp-block-list\">\n<li>2 St\u00fcck Nikon Z7 <\/li>\n\n\n\n<li>Z &#8211; Nikkor 24-70\/4S<\/li>\n\n\n\n<li>Z &#8211; Nikkor 24-120\/4S<\/li>\n\n\n\n<li>Nikkor &#8211; Objektive mit F-Anschluss: 16\/2,8 Fisheye, 16-35\/4VR, 50\/1,8, 70-200\/2,8VRII, 200-500\/5,6VR <\/li>\n\n\n\n<li>Polfilter<\/li>\n\n\n\n<li>Manfrotto &#8211; Stative<\/li>\n\n\n\n<li>Domke F2 Fototasche (jaaa, kein Rucksack, obwohl ich einen habe, ihn aber ersetzte)<\/li>\n<\/ul>\n\n\n\n<p><\/p>\n\n\n\n<p class=\"has-text-align-center\"><span style=\"color: #ff6600;\">\u201cWir&nbsp;haben alle nur zwei Dinge gemeinsam im Leben. Wir werden geboren und wir sterben. <\/span><\/p>\n\n\n\n<p class=\"has-text-align-center\"><span style=\"color: #ff6600;\">In der Zwischenzeit sollten wir daf\u00fcr sorgen, dass wir gl\u00fccklich sind\u201d&nbsp;<\/span><\/p>\n\n\n\n<p class=\"has-text-align-center\"><span style=\"color: #ff6600;\">(Dawn Fraser)<\/span><\/p>\n\n\n<div class=\"wp-block-image is-style-default\">\n<figure class=\"aligncenter\"><a href=\"http:\/\/www.liebke-foto.de\/Lager\/001.mp4\" rel=\"noopener noreferrer\"><img loading=\"lazy\" decoding=\"async\" width=\"853\" height=\"480\" src=\"https:\/\/liebke-foto.de\/maerkischeslicht\/wp-content\/uploads\/2015\/02\/10710562_745625142159589_261867303693074274_n.jpg\" alt=\"Ein zweieinhalb Minuten Beitrag \u00fcber meine Arbeit \" class=\"wp-image-2060\"\/><\/a><figcaption class=\"wp-element-caption\">Ein zweieinhalb Minuten Beitrag \u00fcber meine Arbeit<\/figcaption><\/figure>\n<\/div>\n\n\n<div style=\"padding:20px\" class=\"wp-block-tnp-minimal\"><p>Subscribe to our newsletter!<\/p><div><div class=\"tnp tnp-subscription \">\n<form method=\"post\" action=\"https:\/\/liebke-foto.de\/maerkischeslicht\/wp-admin\/admin-ajax.php?action=tnp&amp;na=s\">\n<input type=\"hidden\" name=\"nlang\" value=\"\">\n<div class=\"tnp-field tnp-field-firstname\"><label for=\"tnp-1\">Vorname oder ganzer Name<\/label>\n<input class=\"tnp-name\" type=\"text\" name=\"nn\" id=\"tnp-1\" value=\"\" placeholder=\"\"><\/div>\n<div class=\"tnp-field tnp-field-email\"><label for=\"tnp-2\">Email<\/label>\n<input class=\"tnp-email\" type=\"email\" name=\"ne\" id=\"tnp-2\" value=\"\" placeholder=\"\" required><\/div>\n<div class=\"tnp-field tnp-privacy-field\"><label><input type=\"checkbox\" name=\"ny\" required class=\"tnp-privacy\"> Indem Du fortf\u00e4hrst, akzeptierst Du unsere Datenschutzerkl\u00e4rung.<\/label><\/div><div class=\"tnp-field tnp-field-button\" style=\"text-align: left\"><input class=\"tnp-submit\" type=\"submit\" value=\"Abonnieren\" style=\"\">\n<\/div>\n<\/form>\n<\/div>\n<\/div><\/div>\n","protected":false},"excerpt":{"rendered":"<p>&#8222;Der Fotograf der Stille&#8220; Ich glaube,&nbsp;dass \u201ejedem Anfang ein Zauber innewohnt, der uns sch\u00fctzt und der uns hilft zu leben\u2026\u201c (H. Hesse) Die&#8230;<\/p>\n","protected":false},"author":1,"featured_media":0,"parent":0,"menu_order":0,"comment_status":"closed","ping_status":"closed","template":"","meta":{"footnotes":""},"class_list":["post-2","page","type-page","status-publish","hentry"],"yoast_head":"<!-- This site is optimized with the Yoast SEO plugin v27.5 - https:\/\/yoast.com\/product\/yoast-seo-wordpress\/ -->\n<title>Fotograf Frank Liebke - M\u00e4rkisches Licht - Der Fotograf der Stille<\/title>\n<meta name=\"description\" content=\"Frank Liebke zum Sonnenaufgang am Niederneuendorfer See in Hennigsdorf - Foto: Patricia Koelle\" \/>\n<meta name=\"robots\" content=\"index, follow, max-snippet:-1, max-image-preview:large, max-video-preview:-1\" \/>\n<link rel=\"canonical\" href=\"https:\/\/liebke-foto.de\/maerkischeslicht\/fotograf-frank-liebke\/\" \/>\n<meta property=\"og:locale\" content=\"de_DE\" \/>\n<meta property=\"og:type\" content=\"article\" \/>\n<meta property=\"og:title\" content=\"Fotograf Frank Liebke - M\u00e4rkisches Licht - Der Fotograf der Stille\" \/>\n<meta property=\"og:description\" content=\"Frank Liebke zum Sonnenaufgang am Niederneuendorfer See in Hennigsdorf - Foto: Patricia Koelle\" \/>\n<meta property=\"og:url\" content=\"https:\/\/liebke-foto.de\/maerkischeslicht\/fotograf-frank-liebke\/\" \/>\n<meta property=\"og:site_name\" content=\"M\u00e4rkisches Licht - Der Fotograf der Stille\" \/>\n<meta property=\"article:modified_time\" content=\"2026-01-07T16:20:45+00:00\" \/>\n<meta property=\"og:image\" content=\"https:\/\/liebke-foto.de\/maerkischeslicht\/wp-content\/uploads\/2024\/08\/IMG-20220712-WA0001.jpg\" \/>\n\t<meta property=\"og:image:width\" content=\"1674\" \/>\n\t<meta property=\"og:image:height\" content=\"1126\" \/>\n\t<meta property=\"og:image:type\" content=\"image\/jpeg\" \/>\n<meta name=\"twitter:card\" content=\"summary_large_image\" \/>\n<meta name=\"twitter:label1\" content=\"Gesch\u00e4tzte Lesezeit\" \/>\n\t<meta name=\"twitter:data1\" content=\"4\u00a0Minuten\" \/>\n<script type=\"application\/ld+json\" class=\"yoast-schema-graph\">{\"@context\":\"https:\\\/\\\/schema.org\",\"@graph\":[{\"@type\":\"WebPage\",\"@id\":\"https:\\\/\\\/liebke-foto.de\\\/maerkischeslicht\\\/fotograf-frank-liebke\\\/\",\"url\":\"https:\\\/\\\/liebke-foto.de\\\/maerkischeslicht\\\/fotograf-frank-liebke\\\/\",\"name\":\"Fotograf Frank Liebke - M\u00e4rkisches Licht - Der Fotograf der Stille\",\"isPartOf\":{\"@id\":\"https:\\\/\\\/liebke-foto.de\\\/maerkischeslicht\\\/#website\"},\"primaryImageOfPage\":{\"@id\":\"https:\\\/\\\/liebke-foto.de\\\/maerkischeslicht\\\/fotograf-frank-liebke\\\/#primaryimage\"},\"image\":{\"@id\":\"https:\\\/\\\/liebke-foto.de\\\/maerkischeslicht\\\/fotograf-frank-liebke\\\/#primaryimage\"},\"thumbnailUrl\":\"https:\\\/\\\/liebke-foto.de\\\/maerkischeslicht\\\/wp-content\\\/uploads\\\/2024\\\/08\\\/IMG-20220712-WA0001-1189x800.jpg\",\"datePublished\":\"2013-07-05T18:15:54+00:00\",\"dateModified\":\"2026-01-07T16:20:45+00:00\",\"description\":\"Frank Liebke zum Sonnenaufgang am Niederneuendorfer See in Hennigsdorf - Foto: Patricia Koelle\",\"breadcrumb\":{\"@id\":\"https:\\\/\\\/liebke-foto.de\\\/maerkischeslicht\\\/fotograf-frank-liebke\\\/#breadcrumb\"},\"inLanguage\":\"de\",\"potentialAction\":[{\"@type\":\"ReadAction\",\"target\":[\"https:\\\/\\\/liebke-foto.de\\\/maerkischeslicht\\\/fotograf-frank-liebke\\\/\"]}]},{\"@type\":\"ImageObject\",\"inLanguage\":\"de\",\"@id\":\"https:\\\/\\\/liebke-foto.de\\\/maerkischeslicht\\\/fotograf-frank-liebke\\\/#primaryimage\",\"url\":\"https:\\\/\\\/liebke-foto.de\\\/maerkischeslicht\\\/wp-content\\\/uploads\\\/2024\\\/08\\\/IMG-20220712-WA0001.jpg\",\"contentUrl\":\"https:\\\/\\\/liebke-foto.de\\\/maerkischeslicht\\\/wp-content\\\/uploads\\\/2024\\\/08\\\/IMG-20220712-WA0001.jpg\",\"width\":1674,\"height\":1126},{\"@type\":\"BreadcrumbList\",\"@id\":\"https:\\\/\\\/liebke-foto.de\\\/maerkischeslicht\\\/fotograf-frank-liebke\\\/#breadcrumb\",\"itemListElement\":[{\"@type\":\"ListItem\",\"position\":1,\"name\":\"Startseite\",\"item\":\"https:\\\/\\\/liebke-foto.de\\\/maerkischeslicht\\\/\"},{\"@type\":\"ListItem\",\"position\":2,\"name\":\"Fotograf Frank Liebke\"}]},{\"@type\":\"WebSite\",\"@id\":\"https:\\\/\\\/liebke-foto.de\\\/maerkischeslicht\\\/#website\",\"url\":\"https:\\\/\\\/liebke-foto.de\\\/maerkischeslicht\\\/\",\"name\":\"M\u00e4rkisches Licht - Der Fotograf der Stille\",\"description\":\"Die Liebe zum Leben...\",\"publisher\":{\"@id\":\"https:\\\/\\\/liebke-foto.de\\\/maerkischeslicht\\\/#\\\/schema\\\/person\\\/d71108abc09a723daeeb8526a33137ee\"},\"potentialAction\":[{\"@type\":\"SearchAction\",\"target\":{\"@type\":\"EntryPoint\",\"urlTemplate\":\"https:\\\/\\\/liebke-foto.de\\\/maerkischeslicht\\\/?s={search_term_string}\"},\"query-input\":{\"@type\":\"PropertyValueSpecification\",\"valueRequired\":true,\"valueName\":\"search_term_string\"}}],\"inLanguage\":\"de\"},{\"@type\":[\"Person\",\"Organization\"],\"@id\":\"https:\\\/\\\/liebke-foto.de\\\/maerkischeslicht\\\/#\\\/schema\\\/person\\\/d71108abc09a723daeeb8526a33137ee\",\"name\":\"Frank Liebke\",\"image\":{\"@type\":\"ImageObject\",\"inLanguage\":\"de\",\"@id\":\"https:\\\/\\\/liebke-foto.de\\\/maerkischeslicht\\\/wp-content\\\/uploads\\\/2021\\\/12\\\/IMG-20211024-WA0001.jpg\",\"url\":\"https:\\\/\\\/liebke-foto.de\\\/maerkischeslicht\\\/wp-content\\\/uploads\\\/2021\\\/12\\\/IMG-20211024-WA0001.jpg\",\"contentUrl\":\"https:\\\/\\\/liebke-foto.de\\\/maerkischeslicht\\\/wp-content\\\/uploads\\\/2021\\\/12\\\/IMG-20211024-WA0001.jpg\",\"width\":900,\"height\":1600,\"caption\":\"Frank Liebke\"},\"logo\":{\"@id\":\"https:\\\/\\\/liebke-foto.de\\\/maerkischeslicht\\\/wp-content\\\/uploads\\\/2021\\\/12\\\/IMG-20211024-WA0001.jpg\"},\"sameAs\":[\"https:\\\/\\\/liebke-foto.de\"]}]}<\/script>\n<!-- \/ Yoast SEO plugin. -->","yoast_head_json":{"title":"Fotograf Frank Liebke - M\u00e4rkisches Licht - Der Fotograf der Stille","description":"Frank Liebke zum Sonnenaufgang am Niederneuendorfer See in Hennigsdorf - Foto: Patricia Koelle","robots":{"index":"index","follow":"follow","max-snippet":"max-snippet:-1","max-image-preview":"max-image-preview:large","max-video-preview":"max-video-preview:-1"},"canonical":"https:\/\/liebke-foto.de\/maerkischeslicht\/fotograf-frank-liebke\/","og_locale":"de_DE","og_type":"article","og_title":"Fotograf Frank Liebke - M\u00e4rkisches Licht - Der Fotograf der Stille","og_description":"Frank Liebke zum Sonnenaufgang am Niederneuendorfer See in Hennigsdorf - Foto: Patricia Koelle","og_url":"https:\/\/liebke-foto.de\/maerkischeslicht\/fotograf-frank-liebke\/","og_site_name":"M\u00e4rkisches Licht - Der Fotograf der Stille","article_modified_time":"2026-01-07T16:20:45+00:00","og_image":[{"width":1674,"height":1126,"url":"https:\/\/liebke-foto.de\/maerkischeslicht\/wp-content\/uploads\/2024\/08\/IMG-20220712-WA0001.jpg","type":"image\/jpeg"}],"twitter_card":"summary_large_image","twitter_misc":{"Gesch\u00e4tzte Lesezeit":"4\u00a0Minuten"},"schema":{"@context":"https:\/\/schema.org","@graph":[{"@type":"WebPage","@id":"https:\/\/liebke-foto.de\/maerkischeslicht\/fotograf-frank-liebke\/","url":"https:\/\/liebke-foto.de\/maerkischeslicht\/fotograf-frank-liebke\/","name":"Fotograf Frank Liebke - M\u00e4rkisches Licht - Der Fotograf der Stille","isPartOf":{"@id":"https:\/\/liebke-foto.de\/maerkischeslicht\/#website"},"primaryImageOfPage":{"@id":"https:\/\/liebke-foto.de\/maerkischeslicht\/fotograf-frank-liebke\/#primaryimage"},"image":{"@id":"https:\/\/liebke-foto.de\/maerkischeslicht\/fotograf-frank-liebke\/#primaryimage"},"thumbnailUrl":"https:\/\/liebke-foto.de\/maerkischeslicht\/wp-content\/uploads\/2024\/08\/IMG-20220712-WA0001-1189x800.jpg","datePublished":"2013-07-05T18:15:54+00:00","dateModified":"2026-01-07T16:20:45+00:00","description":"Frank Liebke zum Sonnenaufgang am Niederneuendorfer See in Hennigsdorf - Foto: Patricia Koelle","breadcrumb":{"@id":"https:\/\/liebke-foto.de\/maerkischeslicht\/fotograf-frank-liebke\/#breadcrumb"},"inLanguage":"de","potentialAction":[{"@type":"ReadAction","target":["https:\/\/liebke-foto.de\/maerkischeslicht\/fotograf-frank-liebke\/"]}]},{"@type":"ImageObject","inLanguage":"de","@id":"https:\/\/liebke-foto.de\/maerkischeslicht\/fotograf-frank-liebke\/#primaryimage","url":"https:\/\/liebke-foto.de\/maerkischeslicht\/wp-content\/uploads\/2024\/08\/IMG-20220712-WA0001.jpg","contentUrl":"https:\/\/liebke-foto.de\/maerkischeslicht\/wp-content\/uploads\/2024\/08\/IMG-20220712-WA0001.jpg","width":1674,"height":1126},{"@type":"BreadcrumbList","@id":"https:\/\/liebke-foto.de\/maerkischeslicht\/fotograf-frank-liebke\/#breadcrumb","itemListElement":[{"@type":"ListItem","position":1,"name":"Startseite","item":"https:\/\/liebke-foto.de\/maerkischeslicht\/"},{"@type":"ListItem","position":2,"name":"Fotograf Frank Liebke"}]},{"@type":"WebSite","@id":"https:\/\/liebke-foto.de\/maerkischeslicht\/#website","url":"https:\/\/liebke-foto.de\/maerkischeslicht\/","name":"M\u00e4rkisches Licht - Der Fotograf der Stille","description":"Die Liebe zum Leben...","publisher":{"@id":"https:\/\/liebke-foto.de\/maerkischeslicht\/#\/schema\/person\/d71108abc09a723daeeb8526a33137ee"},"potentialAction":[{"@type":"SearchAction","target":{"@type":"EntryPoint","urlTemplate":"https:\/\/liebke-foto.de\/maerkischeslicht\/?s={search_term_string}"},"query-input":{"@type":"PropertyValueSpecification","valueRequired":true,"valueName":"search_term_string"}}],"inLanguage":"de"},{"@type":["Person","Organization"],"@id":"https:\/\/liebke-foto.de\/maerkischeslicht\/#\/schema\/person\/d71108abc09a723daeeb8526a33137ee","name":"Frank Liebke","image":{"@type":"ImageObject","inLanguage":"de","@id":"https:\/\/liebke-foto.de\/maerkischeslicht\/wp-content\/uploads\/2021\/12\/IMG-20211024-WA0001.jpg","url":"https:\/\/liebke-foto.de\/maerkischeslicht\/wp-content\/uploads\/2021\/12\/IMG-20211024-WA0001.jpg","contentUrl":"https:\/\/liebke-foto.de\/maerkischeslicht\/wp-content\/uploads\/2021\/12\/IMG-20211024-WA0001.jpg","width":900,"height":1600,"caption":"Frank Liebke"},"logo":{"@id":"https:\/\/liebke-foto.de\/maerkischeslicht\/wp-content\/uploads\/2021\/12\/IMG-20211024-WA0001.jpg"},"sameAs":["https:\/\/liebke-foto.de"]}]}},"_links":{"self":[{"href":"https:\/\/liebke-foto.de\/maerkischeslicht\/wp-json\/wp\/v2\/pages\/2","targetHints":{"allow":["GET"]}}],"collection":[{"href":"https:\/\/liebke-foto.de\/maerkischeslicht\/wp-json\/wp\/v2\/pages"}],"about":[{"href":"https:\/\/liebke-foto.de\/maerkischeslicht\/wp-json\/wp\/v2\/types\/page"}],"author":[{"embeddable":true,"href":"https:\/\/liebke-foto.de\/maerkischeslicht\/wp-json\/wp\/v2\/users\/1"}],"replies":[{"embeddable":true,"href":"https:\/\/liebke-foto.de\/maerkischeslicht\/wp-json\/wp\/v2\/comments?post=2"}],"version-history":[{"count":56,"href":"https:\/\/liebke-foto.de\/maerkischeslicht\/wp-json\/wp\/v2\/pages\/2\/revisions"}],"predecessor-version":[{"id":8822,"href":"https:\/\/liebke-foto.de\/maerkischeslicht\/wp-json\/wp\/v2\/pages\/2\/revisions\/8822"}],"wp:attachment":[{"href":"https:\/\/liebke-foto.de\/maerkischeslicht\/wp-json\/wp\/v2\/media?parent=2"}],"curies":[{"name":"wp","href":"https:\/\/api.w.org\/{rel}","templated":true}]}}