{"id":2,"date":"2013-07-05T20:03:07","date_gmt":"2013-07-05T18:03:07","guid":{"rendered":"http:\/\/liebke-foto.de\/hochzeitfotografie\/?page_id=2"},"modified":"2019-01-10T12:19:22","modified_gmt":"2019-01-10T10:19:22","slug":"frankliebke-hochzeitsfotograf-berlin-brandenburg-oranienburg","status":"publish","type":"page","link":"https:\/\/liebke-foto.de\/hochzeitfotografie\/frankliebke-hochzeitsfotograf-berlin-brandenburg-oranienburg\/","title":{"rendered":"\u00dcber mich"},"content":{"rendered":"\n<div class=\"wp-block-image\"><figure class=\"aligncenter\"><a href=\"https:\/\/liebke-foto.de\/hochzeitfotografie\/wp-content\/uploads\/2019\/01\/38685916_415569785633377_5886050446337900544_n-1.jpg\" rel=\"lightbox[2]\"><img loading=\"lazy\" decoding=\"async\" width=\"535\" height=\"800\" src=\"https:\/\/liebke-foto.de\/hochzeitfotografie\/wp-content\/uploads\/2019\/01\/38685916_415569785633377_5886050446337900544_n-1-535x800.jpg\" alt=\"\" class=\"wp-image-1402\" srcset=\"https:\/\/liebke-foto.de\/hochzeitfotografie\/wp-content\/uploads\/2019\/01\/38685916_415569785633377_5886050446337900544_n-1-535x800.jpg 535w, https:\/\/liebke-foto.de\/hochzeitfotografie\/wp-content\/uploads\/2019\/01\/38685916_415569785633377_5886050446337900544_n-1-768x1149.jpg 768w, https:\/\/liebke-foto.de\/hochzeitfotografie\/wp-content\/uploads\/2019\/01\/38685916_415569785633377_5886050446337900544_n-1-1024x1532.jpg 1024w, https:\/\/liebke-foto.de\/hochzeitfotografie\/wp-content\/uploads\/2019\/01\/38685916_415569785633377_5886050446337900544_n-1.jpg 1080w\" sizes=\"(max-width: 535px) 100vw, 535px\" \/><\/a><figcaption>Bei einer Hochzeit in Tornow im F\u00fcrstenberger Seenland<\/figcaption><\/figure><\/div>\n\n\n<p style=\"text-align: center;\">\u00a0<\/p>\n<h3>Mehr als Sie erwarten&#8230;<\/h3>\n<p>Mein Name ist Frank Liebke, Zauberer des <a href=\"http:\/\/liebke-foto.de\/maerkischeslicht\/\" target=\"_blank\" rel=\"noopener\">M\u00e4rkischen Lichts<\/a>\u00a0und leidenschaftlicher Fotograf. Ich wohne in Oranienburg, 25km entfernt von unserer Hauptstadt Berlin. Seit fr\u00fchester Kindheit besch\u00e4ftige ich mich mit der Fotografie, hatte fr\u00fch meine Schwarz-Wei\u00df- und Farbfilme selbst entwickelt und ebenso meine monochromen und farbigen Bilder eigenh\u00e4ndig hergestellt.<\/p>\n<p>Nach anf\u00e4nglichen Umwegen konnte ich 1983 eine Stelle als Fotoreporter bei einer Tageszeitung besetzen. Den Beruf des Reporters und sp\u00e4ter Fotoredakteurs \u00fcbte ich 15 Jahre aus, eine sehr sch\u00f6ne Zeit, die mir viel Erfahrung mit dem Medium Fotografie und dem Kennenlernen unterschiedlichster Menschen erbrachte.<\/p>\n<p>Dann beschloss ich neue Wege zu beschreiten und als selbstst\u00e4ndiger Fotograf ganz neu zu beginnen. Dabei kam mir die Themenvielfalt meiner Zeitungszeit zugute, bedeutete eben nicht Spezialisierung sondern Vielfalt. Ich fotografiere\u00a0 Werbung, Landschaft, Theater genauso gern wie Events und Hochzeiten.<\/p>\n<p>Gerade das Fotografieren von Menschen war und ist meine gro\u00dfe Leidenschaft. Festhalten k\u00f6nnen von Emotionen und Eindr\u00fccken, die nur einen Bruchteil einer Sekunde dauern, ist f\u00fcr mich mit das Sch\u00f6nste am Medium Fotografie. Wenn mir das gelingt und sich die Menschen vor der Kamera dabei wohl f\u00fchlen, bin ich gl\u00fccklich.<\/p>\n<p style=\"text-align: center;\"><i>\u201cWir<\/i>\u00a0<i>haben alle nur zwei Dinge gemeinsam im Leben. Wir werden geboren und wir sterben. In der Zwischenzeit sollten wir daf\u00fcr sorgen, dass wir gl\u00fccklich sind (Dawn Fraser).\u201d<\/i><\/p>\n<p>\u00a0<\/p>\n\n\n<div class=\"wp-block-image\"><figure class=\"aligncenter\"><a href=\"https:\/\/liebke-foto.de\/hochzeitfotografie\/wp-content\/uploads\/2019\/01\/28504505_1908203946158090_1128302725_o.jpg\" rel=\"lightbox[2]\"><img loading=\"lazy\" decoding=\"async\" width=\"1200\" height=\"800\" src=\"https:\/\/liebke-foto.de\/hochzeitfotografie\/wp-content\/uploads\/2019\/01\/28504505_1908203946158090_1128302725_o-1200x800.jpg\" alt=\"\" class=\"wp-image-1417\" srcset=\"https:\/\/liebke-foto.de\/hochzeitfotografie\/wp-content\/uploads\/2019\/01\/28504505_1908203946158090_1128302725_o-1200x800.jpg 1200w, https:\/\/liebke-foto.de\/hochzeitfotografie\/wp-content\/uploads\/2019\/01\/28504505_1908203946158090_1128302725_o-768x512.jpg 768w, https:\/\/liebke-foto.de\/hochzeitfotografie\/wp-content\/uploads\/2019\/01\/28504505_1908203946158090_1128302725_o-1024x683.jpg 1024w, https:\/\/liebke-foto.de\/hochzeitfotografie\/wp-content\/uploads\/2019\/01\/28504505_1908203946158090_1128302725_o-675x450.jpg 675w, https:\/\/liebke-foto.de\/hochzeitfotografie\/wp-content\/uploads\/2019\/01\/28504505_1908203946158090_1128302725_o.jpg 2048w\" sizes=\"(max-width: 1200px) 100vw, 1200px\" \/><\/a><figcaption>Pause in L\u00fcbbenau im Spreewald<\/figcaption><\/figure><\/div>\n\n\n\n<p><\/p>\n","protected":false},"excerpt":{"rendered":"<p>\u00a0 Mehr als Sie erwarten&#8230; Mein Name ist Frank Liebke, Zauberer des M\u00e4rkischen Lichts\u00a0und leidenschaftlicher Fotograf. Ich wohne in Oranienburg, 25km entfernt von unserer Hauptstadt Berlin. Seit fr\u00fchester Kindheit besch\u00e4ftige ich mich mit der Fotografie, hatte fr\u00fch meine Schwarz-Wei\u00df- und Farbfilme selbst entwickelt und ebenso meine monochromen und farbigen Bilder eigenh\u00e4ndig hergestellt. Nach anf\u00e4nglichen Umwegen konnte ich 1983 eine Stelle als Fotoreporter bei einer Tageszeitung besetzen. Den Beruf des Reporters und sp\u00e4ter Fotoredakteurs \u00fcbte ich 15 Jahre aus, eine sehr sch\u00f6ne Zeit, die mir viel Erfahrung mit dem Medium Fotografie und dem Kennenlernen unterschiedlichster Menschen erbrachte. Dann beschloss ich neue Wege zu beschreiten und als selbstst\u00e4ndiger Fotograf ganz neu zu beginnen. Dabei kam mir die Themenvielfalt meiner Zeitungszeit zugute, bedeutete eben nicht Spezialisierung sondern Vielfalt. Ich fotografiere\u00a0 Werbung, Landschaft, Theater genauso gern wie Events und Hochzeiten. Gerade das Fotografieren von Menschen war und ist meine gro\u00dfe Leidenschaft. Festhalten k\u00f6nnen von Emotionen und Eindr\u00fccken, die nur einen Bruchteil einer Sekunde dauern, ist f\u00fcr mich mit das Sch\u00f6nste am Medium Fotografie. Wenn mir das gelingt und sich die Menschen vor der Kamera dabei wohl f\u00fchlen, bin ich gl\u00fccklich. \u201cWir\u00a0haben alle nur zwei Dinge gemeinsam im Leben. Wir werden geboren und wir sterben. In der Zwischenzeit sollten wir daf\u00fcr sorgen, dass wir gl\u00fccklich sind (Dawn Fraser).\u201d \u00a0<\/p>\n","protected":false},"author":1,"featured_media":0,"parent":0,"menu_order":0,"comment_status":"closed","ping_status":"closed","template":"","meta":{"footnotes":""},"acf":[],"_links":{"self":[{"href":"https:\/\/liebke-foto.de\/hochzeitfotografie\/wp-json\/wp\/v2\/pages\/2"}],"collection":[{"href":"https:\/\/liebke-foto.de\/hochzeitfotografie\/wp-json\/wp\/v2\/pages"}],"about":[{"href":"https:\/\/liebke-foto.de\/hochzeitfotografie\/wp-json\/wp\/v2\/types\/page"}],"author":[{"embeddable":true,"href":"https:\/\/liebke-foto.de\/hochzeitfotografie\/wp-json\/wp\/v2\/users\/1"}],"replies":[{"embeddable":true,"href":"https:\/\/liebke-foto.de\/hochzeitfotografie\/wp-json\/wp\/v2\/comments?post=2"}],"version-history":[{"count":26,"href":"https:\/\/liebke-foto.de\/hochzeitfotografie\/wp-json\/wp\/v2\/pages\/2\/revisions"}],"predecessor-version":[{"id":1418,"href":"https:\/\/liebke-foto.de\/hochzeitfotografie\/wp-json\/wp\/v2\/pages\/2\/revisions\/1418"}],"wp:attachment":[{"href":"https:\/\/liebke-foto.de\/hochzeitfotografie\/wp-json\/wp\/v2\/media?parent=2"}],"curies":[{"name":"wp","href":"https:\/\/api.w.org\/{rel}","templated":true}]}}